{"id":1312,"date":"2026-02-07T16:25:32","date_gmt":"2026-02-07T16:25:32","guid":{"rendered":"https:\/\/seshospedajes.es\/?page_id=1312"},"modified":"2026-02-08T14:03:19","modified_gmt":"2026-02-08T14:03:19","slug":"comprobador-anuncios-vv","status":"publish","type":"page","link":"https:\/\/seshospedajes.es\/it\/comprobador-anuncios-vv\/","title":{"rendered":"Comprobador anuncios VV"},"content":{"rendered":"<div class=\"fusion-fullwidth fullwidth-box fusion-builder-row-1 fusion-flex-container has-pattern-background has-mask-background nonhundred-percent-fullwidth non-hundred-percent-height-scrolling\" style=\"--link_color: var(--awb-color4);--awb-border-sizes-top:0px;--awb-border-sizes-bottom:0px;--awb-border-sizes-left:0px;--awb-border-sizes-right:0px;--awb-border-radius-top-left:0px;--awb-border-radius-top-right:0px;--awb-border-radius-bottom-right:0px;--awb-border-radius-bottom-left:0px;--awb-padding-top:60px;--awb-padding-bottom:60px;--awb-padding-bottom-medium:0px;--awb-margin-top:0px;--awb-background-color:var(--awb-color1);--awb-flex-wrap:wrap;\" ><div class=\"fusion-builder-row fusion-row fusion-flex-align-items-flex-start fusion-flex-content-wrap\" style=\"max-width:calc( 1200px + 100px );margin-left: calc(-100px \/ 2 );margin-right: calc(-100px \/ 2 );\"><div class=\"fusion-layout-column fusion_builder_column fusion-builder-column-0 fusion_builder_column_1_1 1_1 fusion-flex-column\" style=\"--awb-bg-size:cover;--awb-border-color:hsla(var(--awb-color8-h),var(--awb-color8-s),var(--awb-color8-l),calc( var(--awb-color8-a) - 92% ));--awb-border-style:solid;--awb-width-large:100%;--awb-margin-top-large:40px;--awb-spacing-right-large:50px;--awb-margin-bottom-large:60px;--awb-spacing-left-large:50px;--awb-width-medium:50%;--awb-order-medium:0;--awb-spacing-right-medium:50px;--awb-spacing-left-medium:50px;--awb-width-small:100%;--awb-order-small:0;--awb-margin-top-small:0px;--awb-spacing-right-small:50px;--awb-margin-bottom-small:30px;--awb-spacing-left-small:50px;\" data-scroll-devices=\"small-visibility,medium-visibility,large-visibility\"><div class=\"fusion-column-wrapper fusion-column-has-shadow fusion-flex-justify-content-flex-start fusion-content-layout-column\"><div class=\"fusion-title title fusion-title-1 fusion-sep-none fusion-title-text fusion-title-size-two\" style=\"--awb-margin-top:0px;--awb-margin-bottom:40px;\"><h2 class=\"fusion-title-heading title-heading-left\" style=\"margin:0;\">Comprobaci\u00f3n de anuncios de Viviendas Vacacionales<\/h2><\/div><div class=\"ses-checker\">\n  <div class=\"ses-checker__card\">\n    <div class=\"ses-checker__header\">\n      <p>Introduce la URL de un anuncio (Airbnb, Booking, Holidu\u2026) y revisamos si cumple los <strong>requisitos formales visibles<\/strong> seg\u00fan normativa en Espa\u00f1a.<\/p>\n    <\/div>\n\n    <form id=\"sesCheckerForm\" class=\"ses-checker__form\" action=\"#\" method=\"post\" novalidate data-trp-original-action=\"#\">\n      <label for=\"sesCheckerUrl\">URL del anuncio<\/label>\n      <div class=\"ses-checker__row\">\n        <input id=\"sesCheckerUrl\" name=\"url\" type=\"url\" placeholder=\"https:\/\/www.airbnb.es\/rooms\/...\" required>\n        <button type=\"submit\" id=\"sesCheckerBtn\">Comprobar<\/button>\n      <\/div>\n      <small class=\"ses-checker__hint\">\n        Nota: algunas plataformas bloquean la lectura autom\u00e1tica. Si ocurre, mostraremos \u201cNo verificable autom\u00e1ticamente\u201d.\n      <\/small>\n    <input type=\"hidden\" name=\"trp-form-language\" value=\"it\"\/><\/form>\n\n    <div id=\"sesCheckerResult\" class=\"ses-checker__result\" style=\"display:none;\"><\/div>\n  <\/div>\n<\/div>\n\n<style>\n  .ses-checker{max-width:920px;margin:0 auto;padding:10px}\n  .ses-checker__card{background:#fff;border:1px solid rgba(0,0,0,.08);border-radius:16px;padding:18px 18px 16px;box-shadow:0 8px 24px rgba(15,23,42,.06)}\n  .ses-checker__header h2{margin:0 0 8px;color:#18435a;font-weight:800}\n  .ses-checker__header p{margin:0 0 14px;color:#334155;line-height:1.6}\n  .ses-checker__form label{display:block;font-weight:700;color:#18435a;margin-bottom:8px}\n  .ses-checker__row{display:flex;gap:10px;flex-wrap:wrap}\n  .ses-checker__row input{flex:1;min-width:240px;padding:12px 14px;border-radius:12px;border:1px solid #d1d5db;outline:none}\n  .ses-checker__row input:focus{border-color:#ca8d3b;box-shadow:0 0 0 4px rgba(202,141,59,.15)}\n  .ses-checker__row button{padding:12px 16px;border-radius:12px;border:0;background:#ca8d3b;color:#fff;font-weight:800;cursor:pointer}\n  .ses-checker__row button:disabled{opacity:.6;cursor:not-allowed}\n  .ses-checker__hint{display:block;margin-top:8px;color:#64748b}\n  .ses-checker__result{margin-top:14px;border-radius:14px;padding:14px;border:1px solid rgba(0,0,0,.08)}\n  .ses-pill{display:inline-flex;align-items:center;gap:8px;padding:6px 10px;border-radius:999px;font-weight:800;font-size:13px}\n  .ses-pill--green{background:rgba(5,150,105,.12);color:#047857}\n  .ses-pill--amber{background:rgba(202,141,59,.14);color:#8a5a12}\n  .ses-pill--red{background:rgba(220,38,38,.10);color:#b91c1c}\n  .ses-pill--gray{background:rgba(100,116,139,.12);color:#475569}\n  .ses-meta{margin-top:10px;color:#334155}\n  .ses-list{margin:10px 0 0;padding-left:18px;color:#334155}\n  .ses-code{margin-top:10px;background:#0b1220;color:#e5e7eb;border-radius:12px;padding:10px;font-family:ui-monospace, SFMono-Regular, Menlo, Monaco, Consolas, \"Liberation Mono\",\"Courier New\", monospace;font-size:12px;overflow:auto}\n  .ses-disc{margin-top:10px;color:#64748b;font-size:12px}\n<\/style>\n<div class=\"fusion-text fusion-text-1\" style=\"--awb-margin-top:40px;\"><p data-start=\"335\" data-end=\"397\"><strong data-start=\"335\" data-end=\"395\">\u00bfEs legal este anuncio de Vivienda Vacacional en Espa\u00f1a?<\/strong><\/p>\n<p data-start=\"399\" data-end=\"720\">En Espa\u00f1a, <strong data-start=\"410\" data-end=\"490\">no todos los anuncios de viviendas vacacionales cumplen la normativa vigente<\/strong>, aunque est\u00e9n publicados en plataformas como Airbnb, Booking u Holidu.<br data-start=\"561\" data-end=\"564\" \/>Desde 2025, la legislaci\u00f3n exige que los alojamientos tur\u00edsticos cuenten con <strong data-start=\"641\" data-end=\"661\">registro oficial<\/strong> y que determinados datos sean <strong data-start=\"692\" data-end=\"719\">visibles y verificables<\/strong>.<\/p>\n<p data-start=\"722\" data-end=\"934\">A <b>seshospedajes.es <\/b>hemos creado este <strong data-start=\"762\" data-end=\"789\">comprobador de anuncios<\/strong> para ayudarte a detectar, de forma r\u00e1pida y clara, si un anuncio <strong data-start=\"855\" data-end=\"898\">cumple los requisitos formales visibles<\/strong> exigidos por la normativa espa\u00f1ola.<\/p>\n<p data-start=\"936\" data-end=\"1117\">Nuestro objetivo es sencillo:<br \/>\n<br data-start=\"965\" data-end=\"968\" \/>\ud83d\udc49 <strong data-start=\"971\" data-end=\"996\">aportar transparencia<\/strong>,<br data-start=\"997\" data-end=\"1000\" \/>\ud83d\udc49 <strong data-start=\"1003\" data-end=\"1024\">reducir el fraude<\/strong>,<br data-start=\"1025\" data-end=\"1028\" \/>\ud83d\udc49 y <strong data-start=\"1033\" data-end=\"1080\">ayudar tanto a viajeros como a propietarios<\/strong> a cumplir la ley sin complicaciones.<\/p>\n<h2 data-start=\"1124\" data-end=\"1172\"><\/h2>\n<h2 data-start=\"1124\" data-end=\"1172\">\ud83d\udd0d Qu\u00e9 comprueba exactamente esta herramienta<\/h2>\n<p data-start=\"1174\" data-end=\"1273\">Este comprobador analiza la informaci\u00f3n p\u00fablica visible del anuncio y revisa, entre otros aspectos:<\/p>\n<ul data-start=\"1275\" data-end=\"1596\">\n<li data-start=\"1275\" data-end=\"1374\">\n<p data-start=\"1277\" data-end=\"1374\">La <strong data-start=\"1280\" data-end=\"1310\">presencia de un NRA o NRUA<\/strong> (N\u00famero de Registro de Arrendador \/ Vivienda de Uso Tur\u00edstico).<\/p>\n<\/li>\n<li data-start=\"1375\" data-end=\"1462\">\n<p data-start=\"1377\" data-end=\"1462\">La <strong data-start=\"1380\" data-end=\"1431\">existencia de licencias o registros auton\u00f3micos<\/strong> cuando aparecen en el anuncio.<\/p>\n<\/li>\n<li data-start=\"1463\" data-end=\"1515\">\n<p data-start=\"1465\" data-end=\"1515\">La <strong data-start=\"1468\" data-end=\"1499\">plataforma donde se publica<\/strong> el alojamiento.<\/p>\n<\/li>\n<li data-start=\"1516\" data-end=\"1596\">\n<p data-start=\"1518\" data-end=\"1596\">La <strong data-start=\"1521\" data-end=\"1542\">coherencia formal<\/strong> con los requisitos actuales de la normativa espa\u00f1ola.<\/p>\n<\/li>\n<\/ul>\n<p data-start=\"1598\" data-end=\"1658\">El resultado se muestra mediante un <strong data-start=\"1634\" data-end=\"1657\">sistema de sem\u00e1foro<\/strong>:<\/p>\n<ul data-start=\"1659\" data-end=\"1802\">\n<li data-start=\"1659\" data-end=\"1691\">\n<p data-start=\"1661\" data-end=\"1691\">\u2705 Cumple (formalmente visible)<\/p>\n<\/li>\n<li data-start=\"1692\" data-end=\"1729\">\n<p data-start=\"1694\" data-end=\"1729\">\u26a0\ufe0f Informaci\u00f3n parcial o incompleta<\/p>\n<\/li>\n<li data-start=\"1730\" data-end=\"1766\">\n<p data-start=\"1732\" data-end=\"1766\">\u274c No cumple (seg\u00fan datos visibles)<\/p>\n<\/li>\n<li data-start=\"1767\" data-end=\"1802\">\n<p data-start=\"1769\" data-end=\"1802\">\u2139\ufe0f No verificable autom\u00e1ticamente<\/p>\n<\/li>\n<\/ul>\n<h2 data-start=\"1809\" data-end=\"1868\"><\/h2>\n<h2 data-start=\"1809\" data-end=\"1868\">\u26a0\ufe0f Importante: lo que s\u00ed y lo que no hace el comprobador<\/h2>\n<p data-start=\"1870\" data-end=\"1968\">Este comprobador <strong data-start=\"1887\" data-end=\"1926\">no es una inspecci\u00f3n administrativa<\/strong>, ni sustituye a los organismos oficiales.<\/p>\n<p data-start=\"1970\" data-end=\"1981\">\u2714\ufe0f S\u00ed hace:<\/p>\n<ul data-start=\"1982\" data-end=\"2122\">\n<li data-start=\"1982\" data-end=\"2017\">\n<p data-start=\"1984\" data-end=\"2017\">Analizar datos p\u00fablicos visibles.<\/p>\n<\/li>\n<li data-start=\"2018\" data-end=\"2063\">\n<p data-start=\"2020\" data-end=\"2063\">Detectar posibles incumplimientos formales.<\/p>\n<\/li>\n<li data-start=\"2064\" data-end=\"2122\">\n<p data-start=\"2066\" data-end=\"2122\">Ayudar a identificar anuncios sospechosos o incompletos.<\/p>\n<\/li>\n<\/ul>\n<p data-start=\"2124\" data-end=\"2134\">\u274c No hace:<\/p>\n<ul data-start=\"2135\" data-end=\"2299\">\n<li data-start=\"2135\" data-end=\"2190\">\n<p data-start=\"2137\" data-end=\"2190\">Acceder a bases de datos privadas de las plataformas.<\/p>\n<\/li>\n<li data-start=\"2191\" data-end=\"2230\">\n<p data-start=\"2193\" data-end=\"2230\">Certificar legalmente un alojamiento.<\/p>\n<\/li>\n<li data-start=\"2231\" data-end=\"2299\">\n<p data-start=\"2233\" data-end=\"2299\">Sustituir una comprobaci\u00f3n oficial por parte de la Administraci\u00f3n.<\/p>\n<\/li>\n<\/ul>\n<blockquote data-start=\"2301\" data-end=\"2380\">\n<p data-start=\"2303\" data-end=\"2380\">La verificaci\u00f3n definitiva siempre corresponde a las autoridades competentes.<\/p>\n<\/blockquote>\n<h2 data-start=\"2387\" data-end=\"2440\"><\/h2>\n<h2 data-start=\"2387\" data-end=\"2440\">\ud83c\udfdb\ufe0f Por qu\u00e9 es importante comprobar un anuncio hoy<\/h2>\n<p data-start=\"2442\" data-end=\"2579\">La normativa sobre viviendas vacacionales en Espa\u00f1a se ha endurecido.<br data-start=\"2511\" data-end=\"2514\" \/>Cada vez m\u00e1s Comunidades Aut\u00f3nomas y organismos estatales exigen:<\/p>\n<ul data-start=\"2581\" data-end=\"2773\">\n<li data-start=\"2581\" data-end=\"2620\">\n<p data-start=\"2583\" data-end=\"2620\">Registro obligatorio del alojamiento.<\/p>\n<\/li>\n<li data-start=\"2621\" data-end=\"2659\">\n<p data-start=\"2623\" data-end=\"2659\">Identificaci\u00f3n clara del arrendador.<\/p>\n<\/li>\n<li data-start=\"2660\" data-end=\"2735\">\n<p data-start=\"2662\" data-end=\"2735\">Comunicaci\u00f3n de hu\u00e9spedes a <strong data-start=\"2690\" data-end=\"2734\">SES.Hospedajes (Ministerio del Interior)<\/strong>.<\/p>\n<\/li>\n<li data-start=\"2736\" data-end=\"2773\">\n<p data-start=\"2738\" data-end=\"2773\">Transparencia frente al consumidor.<\/p>\n<\/li>\n<\/ul>\n<p data-start=\"2775\" data-end=\"2932\">Publicar o contratar un alojamiento <strong data-start=\"2811\" data-end=\"2881\">sin cumplir estos requisitos puede conllevar sanciones importantes<\/strong>, tanto para propietarios como para intermediarios.<\/p>\n<h2 data-start=\"2939\" data-end=\"2984\">\ud83e\udde0 \u00bfQui\u00e9n est\u00e1 detr\u00e1s de este comprobador?<\/h2>\n<p data-start=\"2986\" data-end=\"3124\"><strong data-start=\"2986\" data-end=\"3004\">seshospedajes.es<\/strong>\u00a0es una plataforma privada especializada en facilitar el cumplimiento de la normativa de registro de viajeros en Espa\u00f1a.<\/p>\n<p data-start=\"3126\" data-end=\"3137\">Ayudamos a:<\/p>\n<ul data-start=\"3138\" data-end=\"3263\">\n<li data-start=\"3138\" data-end=\"3180\">\n<p data-start=\"3140\" data-end=\"3180\">Propietarios de viviendas vacacionales<\/p>\n<\/li>\n<li data-start=\"3181\" data-end=\"3216\">\n<p data-start=\"3183\" data-end=\"3216\">Peque\u00f1os alojamientos y hoteles<\/p>\n<\/li>\n<li data-start=\"3217\" data-end=\"3263\">\n<p data-start=\"3219\" data-end=\"3263\">Empresas de alquiler y gestores tur\u00edsticosb a <strong data-start=\"3267\" data-end=\"3309\">cumplir con el Ministerio del Interior<\/strong> de forma sencilla, automatizada y sin errores.<\/p>\n<\/li>\n<\/ul>\n<p data-start=\"3358\" data-end=\"3465\">Nuestro enfoque no es punitivo, sino <strong data-start=\"3395\" data-end=\"3421\">preventivo y educativo<\/strong>: creemos que cumplir la ley debe ser f\u00e1cil.<\/p>\n<h2 data-start=\"3472\" data-end=\"3526\">\ud83d\ude80 \u00bfEres propietario o gestor? Da el siguiente paso<\/h2>\n<p data-start=\"3528\" data-end=\"3634\">Si al comprobar un anuncio detectas que <strong data-start=\"3568\" data-end=\"3584\">faltan datos<\/strong>, <strong data-start=\"3586\" data-end=\"3599\">hay dudas<\/strong> o <strong data-start=\"3602\" data-end=\"3615\">no cumple<\/strong>, podemos ayudarte.<\/p>\n<p data-start=\"3636\" data-end=\"3667\">Desde seshospedajes.es ofrecemos:<\/p>\n<ul data-start=\"3668\" data-end=\"3896\">\n<li data-start=\"3668\" data-end=\"3738\">\n<p data-start=\"3670\" data-end=\"3738\"><a href=\"https:\/\/seshospedajes.es\/it\/alta-ses-hospedajes\/\">Alta y gesti\u00f3n en la plataforma oficial del Ministerio del Interior.<\/a><\/p>\n<\/li>\n<li data-start=\"3739\" data-end=\"3781\">\n<p data-start=\"3741\" data-end=\"3781\">Automatizaci\u00f3n del registro de viajeros.<\/p>\n<\/li>\n<li data-start=\"3782\" data-end=\"3832\">\n<p data-start=\"3784\" data-end=\"3832\">Asesoramiento para cumplir la normativa vigente.<\/p>\n<\/li>\n<li data-start=\"3833\" data-end=\"3896\">\n<p data-start=\"3835\" data-end=\"3896\">Soluciones adaptadas a peque\u00f1os propietarios y profesionales.<\/p>\n<\/li>\n<\/ul>\n<p data-start=\"3898\" data-end=\"3945\">\ud83d\udc49 <strong data-start=\"3901\" data-end=\"3945\">Cumplir no tiene por qu\u00e9 ser complicado.<\/strong><\/p>\n<p data-start=\"3995\" data-end=\"4167\">Este comprobador forma parte de nuestro compromiso por convertir <b>seshospedajes.es <\/b>en el <strong data-start=\"4088\" data-end=\"4111\">referente en Espa\u00f1a<\/strong> en cumplimiento normativo para alojamientos tur\u00edsticos.<\/p>\n<p data-start=\"4169\" data-end=\"4285\">Transparencia, rigor y tecnolog\u00eda al servicio de una pregunta cada vez m\u00e1s com\u00fan: <strong data-start=\"4253\" data-end=\"4285\">\u00bfeste anuncio es legal o no?<\/strong><\/p>\n<\/div><\/div><\/div><\/div><\/div>","protected":false},"excerpt":{"rendered":"","protected":false},"author":1,"featured_media":0,"parent":0,"menu_order":0,"comment_status":"closed","ping_status":"closed","template":"100-width.php","meta":{"om_disable_all_campaigns":false,"_monsterinsights_skip_tracking":false,"_monsterinsights_sitenote_active":false,"_monsterinsights_sitenote_note":"","_monsterinsights_sitenote_category":0,"footnotes":""},"class_list":["post-1312","page","type-page","status-publish","hentry"],"aioseo_notices":[],"_links":{"self":[{"href":"https:\/\/seshospedajes.es\/it\/wp-json\/wp\/v2\/pages\/1312","targetHints":{"allow":["GET"]}}],"collection":[{"href":"https:\/\/seshospedajes.es\/it\/wp-json\/wp\/v2\/pages"}],"about":[{"href":"https:\/\/seshospedajes.es\/it\/wp-json\/wp\/v2\/types\/page"}],"author":[{"embeddable":true,"href":"https:\/\/seshospedajes.es\/it\/wp-json\/wp\/v2\/users\/1"}],"replies":[{"embeddable":true,"href":"https:\/\/seshospedajes.es\/it\/wp-json\/wp\/v2\/comments?post=1312"}],"version-history":[{"count":9,"href":"https:\/\/seshospedajes.es\/it\/wp-json\/wp\/v2\/pages\/1312\/revisions"}],"predecessor-version":[{"id":1321,"href":"https:\/\/seshospedajes.es\/it\/wp-json\/wp\/v2\/pages\/1312\/revisions\/1321"}],"wp:attachment":[{"href":"https:\/\/seshospedajes.es\/it\/wp-json\/wp\/v2\/media?parent=1312"}],"curies":[{"name":"wp","href":"https:\/\/api.w.org\/{rel}","templated":true}]}}