{"id":866,"date":"2025-05-01T08:11:48","date_gmt":"2025-05-01T08:11:48","guid":{"rendered":"https:\/\/seshospedajes.es\/?page_id=866"},"modified":"2025-05-01T21:03:23","modified_gmt":"2025-05-01T21:03:23","slug":"gracias","status":"publish","type":"page","link":"https:\/\/seshospedajes.es\/nn\/gracias\/","title":{"rendered":"Suscripci\u00f3n realizada con \u00e9xito"},"content":{"rendered":"<div class=\"fusion-fullwidth fullwidth-box fusion-builder-row-1 fusion-flex-container has-pattern-background has-mask-background nonhundred-percent-fullwidth non-hundred-percent-height-scrolling\" style=\"--link_hover_color: var(--awb-color5);--awb-background-position:left top;--awb-border-sizes-top:0px;--awb-border-sizes-bottom:0px;--awb-border-sizes-left:0px;--awb-border-sizes-right:0px;--awb-border-radius-top-left:0px;--awb-border-radius-top-right:0px;--awb-border-radius-bottom-right:0px;--awb-border-radius-bottom-left:0px;--awb-padding-top:40px;--awb-padding-bottom:120px;--awb-margin-bottom-medium:0px;--awb-margin-bottom-small:0px;--awb-background-color:var(--awb-color1);--awb-flex-wrap:wrap;\" ><div class=\"fusion-builder-row fusion-row fusion-flex-align-items-stretch fusion-flex-justify-content-center fusion-flex-content-wrap\" style=\"max-width:1248px;margin-left: calc(-4% \/ 2 );margin-right: calc(-4% \/ 2 );\"><div class=\"fusion-layout-column fusion_builder_column fusion-builder-column-0 fusion_builder_column_3_5 3_5 fusion-flex-column fusion-flex-align-self-center\" style=\"--awb-bg-size:cover;--awb-width-large:60%;--awb-margin-top-large:0px;--awb-spacing-right-large:3.2%;--awb-margin-bottom-large:40px;--awb-spacing-left-large:3.2%;--awb-width-medium:60%;--awb-order-medium:0;--awb-spacing-right-medium:3.2%;--awb-spacing-left-medium:3.2%;--awb-width-small:100%;--awb-order-small:0;--awb-spacing-right-small:1.92%;--awb-margin-bottom-small:40px;--awb-spacing-left-small:1.92%;\" data-scroll-devices=\"small-visibility,medium-visibility,large-visibility\"><div class=\"fusion-column-wrapper fusion-column-has-shadow fusion-flex-justify-content-flex-start fusion-content-layout-column\"><div class=\"fusion-title title fusion-title-1 fusion-sep-none fusion-title-text fusion-title-size-two\" style=\"--awb-text-color:var(--awb-color8);\"><h2 class=\"fusion-title-heading title-heading-left\" style=\"margin:0;\"><p>\u00a1Felicidades!<br \/>\nSuscripci\u00f3n realizada correctamente<\/p><\/h2><\/div><div class=\"fusion-text fusion-text-1 fusion-text-no-margin\" style=\"--awb-content-alignment:justify;--awb-margin-top:20px;--awb-margin-bottom:20px;\"><p>Ya estamos preparando todo para que pueda empezar a utilizar nuestra app. Revise su email porque recibir\u00e1 a su correo electr\u00f3nico un mensaje de bienvenida con las credenciales para poder acceder. No suele tardar m\u00e1s de 5 minutos en llegar.<\/p>\n<p>Mientras, le recordamos que para poder enviar correctamente todos sus datos al Ministerio del Interior, es importante que siga las indicaciones que recibir\u00e1 por correo electr\u00f3nico y dentro de la aplicaci\u00f3n.<\/p>\n<\/div><div ><a class=\"fusion-button button-flat fusion-button-default-size button-default fusion-button-default button-1 fusion-button-default-span fusion-button-default-type\" style=\"--button_margin-top:50px;\" target=\"_self\" href=\"https:\/\/seshospedajes.es\/nn\/app\/\"><span class=\"fusion-button-text\">Acceso app<\/span><\/a><\/div><\/div><\/div><div class=\"fusion-layout-column fusion_builder_column fusion-builder-column-1 fusion_builder_column_2_5 2_5 fusion-flex-column fusion-flex-align-self-center\" style=\"--awb-bg-size:cover;--awb-width-large:40%;--awb-margin-top-large:0px;--awb-spacing-right-large:4.8%;--awb-margin-bottom-large:40px;--awb-spacing-left-large:4.8%;--awb-width-medium:40%;--awb-order-medium:0;--awb-spacing-right-medium:4.8%;--awb-spacing-left-medium:4.8%;--awb-width-small:100%;--awb-order-small:0;--awb-spacing-right-small:1.92%;--awb-margin-bottom-small:40px;--awb-spacing-left-small:1.92%;\" data-scroll-devices=\"small-visibility,medium-visibility,large-visibility\"><div class=\"fusion-column-wrapper fusion-column-has-shadow fusion-flex-justify-content-flex-start fusion-content-layout-column\"><div class=\"fusion-image-element fusion-no-small-visibility fusion-no-medium-visibility\" style=\"--awb-caption-title-font-family:var(--h2_typography-font-family);--awb-caption-title-font-weight:var(--h2_typography-font-weight);--awb-caption-title-font-style:var(--h2_typography-font-style);--awb-caption-title-size:var(--h2_typography-font-size);--awb-caption-title-transform:var(--h2_typography-text-transform);--awb-caption-title-line-height:var(--h2_typography-line-height);--awb-caption-title-letter-spacing:var(--h2_typography-letter-spacing);\"><span class=\"fusion-imageframe imageframe-none imageframe-1 hover-type-none\"><img decoding=\"async\" width=\"1710\" height=\"2560\" alt=\"ses-hospedajes-gracias por elegirnos\" title=\"ses-hospedajes-gracias\" src=\"https:\/\/seshospedajes.es\/wp-content\/uploads\/2025\/05\/ses-hospedajes-gracias-scaled.jpg\" class=\"img-responsive wp-image-868\" srcset=\"https:\/\/seshospedajes.es\/wp-content\/uploads\/2025\/05\/ses-hospedajes-gracias-200x299.jpg 200w, https:\/\/seshospedajes.es\/wp-content\/uploads\/2025\/05\/ses-hospedajes-gracias-400x599.jpg 400w, https:\/\/seshospedajes.es\/wp-content\/uploads\/2025\/05\/ses-hospedajes-gracias-600x898.jpg 600w, https:\/\/seshospedajes.es\/wp-content\/uploads\/2025\/05\/ses-hospedajes-gracias-800x1198.jpg 800w, https:\/\/seshospedajes.es\/wp-content\/uploads\/2025\/05\/ses-hospedajes-gracias-1200x1797.jpg 1200w, https:\/\/seshospedajes.es\/wp-content\/uploads\/2025\/05\/ses-hospedajes-gracias-scaled.jpg 1710w\" sizes=\"(max-width: 640px) 100vw, 600px\" \/><\/span><\/div><\/div><\/div><div class=\"fusion-layout-column fusion_builder_column fusion-builder-column-2 fusion_builder_column_1_1 1_1 fusion-flex-column\" style=\"--awb-bg-size:cover;--awb-width-large:100%;--awb-margin-top-large:0px;--awb-spacing-right-large:1.92%;--awb-margin-bottom-large:20px;--awb-spacing-left-large:1.92%;--awb-width-medium:100%;--awb-order-medium:0;--awb-spacing-right-medium:1.92%;--awb-spacing-left-medium:1.92%;--awb-width-small:100%;--awb-order-small:0;--awb-spacing-right-small:1.92%;--awb-spacing-left-small:1.92%;\"><div class=\"fusion-column-wrapper fusion-column-has-shadow fusion-flex-justify-content-flex-start fusion-content-layout-column\"><div class=\"fusion-text fusion-text-2 fusion-no-small-visibility fusion-text-no-margin\" style=\"--awb-text-color:var(--awb-color8);--awb-margin-bottom:5px;\"><h1 style=\"text-align: center;\">Servicios disponibles<\/h1>\n<\/div><style type='text\/css'>\n\t\t\t\t.pricing-table-1.fusion-pricing-table .panel-container, .pricing-table-1.fusion-pricing-table .standout .panel-container,\n\t\t\t\t.pricing-table-1.full-boxed-pricing.fusion-pricing-table {background-color:var(--awb-color1);}\n\t\t\t\t.pricing-table-1.fusion-pricing-table .list-group .list-group-item,\n\t\t\t\t.pricing-table-1.fusion-pricing-table .list-group .list-group-item:last-child{background-color:var(--awb-color1); border-color:var(--awb-color3);}\n\t\t\t\t.pricing-table-1.full-boxed-pricing.fusion-pricing-table .panel-wrapper:hover .panel-heading,\n\t\t\t\t.pricing-table-1.fusion-pricing-table .panel-wrapper:hover .list-group-item {background-color:var(--awb-color1);}\n\t\t\t\t.pricing-table-1.full-boxed-pricing.fusion-pricing-table .panel-heading{background-color:var(--awb-color1);}\n\t\t\t\t.pricing-table-1.fusion-pricing-table .fusion-panel, .pricing-table-1 .panel-wrapper:last-child .fusion-panel,\n\t\t\t\t.pricing-table-1.fusion-pricing-table .standout .fusion-panel, .pricing-table-1.fusion-pricing-table  .panel-heading,\n\t\t\t\t.pricing-table-1.fusion-pricing-table .panel-body, .pricing-table-1.fusion-pricing-table .panel-footer{border-color:var(--awb-color3);}\n\t\t\t\t.pricing-table-1.fusion-pricing-table .panel-body, .pricing-table-1.fusion-pricing-table .panel-footer{background-color:var(--awb-color1);}\n\t\t\t\t.pricing-table-1.sep-boxed-pricing.fusion-pricing-table .panel-heading h3{color:var(--awb-color1);}\n\t\t\t\t.pricing-table-1.full-boxed-pricing.fusion-pricing-table .panel-heading h3{color:var(--awb-color8);}\n\t\t\t\t.pricing-table-1.fusion-pricing-table .panel-body .price .decimal-part{color:#ca8d3b;}\n\t\t\t\t.pricing-table-1.fusion-pricing-table .panel-body .price .integer-part{color:#ca8d3b;}\n\t\t\t\t.pricing-table-1.fusion-pricing-table ul.list-group li{color:var(--awb-color8);}\n\t\t\t\t<\/style><div class=\"fusion-pricing-table pricing-table-1 sep-boxed-pricing row fusion-columns-4 columns-4 fusion-clearfix\"><div class=\"panel-wrapper fusion-column column col-lg-3 col-md-3 col-sm-3 standout fusion-pricingtable-column\"><div class=\"panel-container\"><div class=\"fusion-panel\"><div class=\"panel-heading\"><h3 class=\"title-row\">Registro - Alta<\/h3><\/div><div class=\"panel-body pricing-row\"><div class=\"price\"><span class=\"integer-part\">120<\/span><span class=\"currency pos-right price-without-decimal\">\u20ac<\/span><\/div><\/div><ul class=\"list-group\"><li class=\"list-group-item normal-row\">Recopilaci\u00f3n de documentaci\u00f3n<\/li><li class=\"list-group-item normal-row\">Gu\u00eda en todo el proceso<\/li><li class=\"list-group-item normal-row\">Posibilidad de actuar como representante<\/li><li class=\"list-group-item normal-row\">Garant\u00eda de finalizaci\u00f3n con \u00e9xito el proceso.<\/li><li class=\"list-group-item normal-row\">Hasta 3 establecimientos (+ 20\u20ac por extra)<\/li><li class=\"list-group-item normal-row\">Asistencia por email<\/li><li class=\"list-group-item normal-row\">Servicio remoto (+50\u20ac)<\/li><li class=\"list-group-item normal-row\">Necesaria identificaci\u00f3n digital (CLAVE o Certificado)<\/li><\/ul><div class=\"panel-footer footer-row\"><div class=\"fusion-button-wrapper\"><a class=\"fusion-button button-flat fusion-button-default-size button-default fusion-button-default button-2 fusion-button-default-span fusion-button-default-type\" target=\"_self\" href=\"https:\/\/buy.stripe.com\/14k7v94gk2jN4tG00a\"><span class=\"fusion-button-text\">Contratar<\/span><\/a><\/div><\/div><\/div><\/div><\/div><div class=\"panel-wrapper fusion-column column col-lg-3 col-md-3 col-sm-3 standout fusion-pricingtable-column\"><div class=\"panel-container\"><div class=\"fusion-panel\"><div class=\"panel-heading\"><h3 class=\"title-row\">Ventanilla \u00danica<\/h3><\/div><div class=\"panel-body pricing-row\"><div class=\"price\"><span class=\"integer-part\">120<\/span><span class=\"currency pos-right price-without-decimal\">\u20ac<\/span><\/div><\/div><ul class=\"list-group\"><li class=\"list-group-item normal-row\">Recopilaci\u00f3n de documentaci\u00f3n<\/li><li class=\"list-group-item normal-row\">Gu\u00eda en todo el proceso<\/li><li class=\"list-group-item normal-row\">Posibilidad de actuar como representante<\/li><li class=\"list-group-item normal-row\">Garant\u00eda de finalizaci\u00f3n con \u00e9xito el proceso.<\/li><li class=\"list-group-item normal-row\">Hasta 3 establecimientos (+ 20\u20ac por extra)<\/li><li class=\"list-group-item normal-row\">Asistencia por email<\/li><li class=\"list-group-item normal-row\">Servicio remoto (+50\u20ac)<\/li><\/ul><div class=\"panel-footer footer-row\"><div class=\"fusion-button-wrapper\"><a class=\"fusion-button button-flat fusion-button-default-size button-default fusion-button-default button-3 fusion-button-default-span fusion-button-default-type\" target=\"_self\" href=\"https:\/\/buy.stripe.com\/14k7v94gk2jN4tG00a\"><span class=\"fusion-button-text\">Contratar<\/span><\/a><\/div><\/div><\/div><\/div><\/div><div class=\"panel-wrapper fusion-column column col-lg-3 col-md-3 col-sm-3 fusion-pricingtable-column\"><div class=\"panel-container\"><div class=\"fusion-panel\"><div class=\"panel-heading\"><h3 class=\"title-row\">Incidencia usuarios<\/h3><\/div><div class=\"panel-body pricing-row\"><div class=\"price\"><span class=\"integer-part\">90<\/span><span class=\"currency pos-right price-without-decimal\">\u20ac<\/span><\/div><\/div><ul class=\"list-group\"><li class=\"list-group-item normal-row\">Soluci\u00f3n de problemas de usuarios<\/li><li class=\"list-group-item normal-row\">Resoluci\u00f3n de problemas<\/li><li class=\"list-group-item normal-row\">Devoluci\u00f3n dinero en caso de no soluci\u00f3n.<\/li><li class=\"list-group-item normal-row\">Asistencia por email<\/li><li class=\"list-group-item normal-row\">Necesaria identificaci\u00f3n digital (CLAVE o Certificado)<\/li><\/ul><div class=\"panel-footer footer-row\"><div class=\"fusion-button-wrapper\"><a class=\"fusion-button button-flat fusion-button-default-size button-default fusion-button-default button-4 fusion-button-default-span fusion-button-default-type\" target=\"_self\" href=\"https:\/\/buy.stripe.com\/9AQ3eT5ko2jN7FSaEP\"><span class=\"fusion-button-text\">Contratar<\/span><\/a><\/div><\/div><\/div><\/div><\/div><div class=\"panel-wrapper fusion-column column col-lg-3 col-md-3 col-sm-3 fusion-pricingtable-column\"><div class=\"panel-container\"><div class=\"fusion-panel\"><div class=\"panel-heading\"><h3 class=\"title-row\">Curso utilizaci\u00f3n SES.Hospedajes<\/h3><\/div><div class=\"panel-body pricing-row\"><div class=\"price\"><span class=\"integer-part\">9,99<\/span><span class=\"currency pos-right price-without-decimal\">\u20ac<\/span><span class=\"time pos-right price-without-decimal\">mes<\/span><\/div><\/div><ul class=\"list-group\"><li class=\"list-group-item normal-row\">Nos encargamos de todo<\/li><li class=\"list-group-item normal-row\">Ideal para extranjeros<\/li><li class=\"list-group-item normal-row\">No necesario certificados<\/li><li class=\"list-group-item normal-row\">Proceso inmediato<\/li><\/ul><div class=\"panel-footer footer-row\"><div class=\"fusion-button-wrapper\"><a class=\"fusion-button button-flat fusion-button-default-size button-default fusion-button-default button-5 fusion-button-default-span fusion-button-default-type\" target=\"_self\" href=\"https:\/\/buy.stripe.com\/9AQ16LcMQbUn0dqdRf\"><span class=\"fusion-button-text\">Contratar<\/span><\/a><\/div><\/div><\/div><\/div><\/div><\/div><\/div><\/div><\/div><\/div>","protected":false},"excerpt":{"rendered":"","protected":false},"author":1,"featured_media":565,"parent":0,"menu_order":0,"comment_status":"closed","ping_status":"closed","template":"100-width.php","meta":{"om_disable_all_campaigns":false,"_monsterinsights_skip_tracking":false,"_monsterinsights_sitenote_active":false,"_monsterinsights_sitenote_note":"","_monsterinsights_sitenote_category":0,"footnotes":""},"class_list":["post-866","page","type-page","status-publish","has-post-thumbnail","hentry"],"aioseo_notices":[],"_links":{"self":[{"href":"https:\/\/seshospedajes.es\/nn\/wp-json\/wp\/v2\/pages\/866","targetHints":{"allow":["GET"]}}],"collection":[{"href":"https:\/\/seshospedajes.es\/nn\/wp-json\/wp\/v2\/pages"}],"about":[{"href":"https:\/\/seshospedajes.es\/nn\/wp-json\/wp\/v2\/types\/page"}],"author":[{"embeddable":true,"href":"https:\/\/seshospedajes.es\/nn\/wp-json\/wp\/v2\/users\/1"}],"replies":[{"embeddable":true,"href":"https:\/\/seshospedajes.es\/nn\/wp-json\/wp\/v2\/comments?post=866"}],"version-history":[{"count":10,"href":"https:\/\/seshospedajes.es\/nn\/wp-json\/wp\/v2\/pages\/866\/revisions"}],"predecessor-version":[{"id":884,"href":"https:\/\/seshospedajes.es\/nn\/wp-json\/wp\/v2\/pages\/866\/revisions\/884"}],"wp:featuredmedia":[{"embeddable":true,"href":"https:\/\/seshospedajes.es\/nn\/wp-json\/wp\/v2\/media\/565"}],"wp:attachment":[{"href":"https:\/\/seshospedajes.es\/nn\/wp-json\/wp\/v2\/media?parent=866"}],"curies":[{"name":"wp","href":"https:\/\/api.w.org\/{rel}","templated":true}]}}